{"id":149,"date":"2023-06-14T16:34:35","date_gmt":"2023-06-14T16:34:35","guid":{"rendered":"https:\/\/elfati7.com\/?page_id=149"},"modified":"2025-08-03T19:25:26","modified_gmt":"2025-08-03T19:25:26","slug":"%d8%a7%d9%84%d8%b4%d8%b1%d9%88%d8%b7-%d9%88%d8%a7%d9%84%d8%a3%d8%ad%d9%83%d8%a7%d9%85","status":"publish","type":"page","link":"https:\/\/elfati7.com\/%d8%a7%d9%84%d8%b4%d8%b1%d9%88%d8%b7-%d9%88%d8%a7%d9%84%d8%a3%d8%ad%d9%83%d8%a7%d9%85\/","title":{"rendered":"\u0627\u0644\u0634\u0631\u0648\u0637 \u0648\u0627\u0644\u0623\u062d\u0643\u0627\u0645"},"content":{"rendered":"<p>[mhc_section admin_label=&#8221;\u0627\u0644\u0634\u0631\u0648\u0637 \u0648\u0627\u0644\u0623\u062d\u0643\u0627\u0645&#8221; transparent_background=&#8221;off&#8221; gradient_background=&#8221;off&#8221; background_color=&#8221;#ffffff&#8221; gradient_style=&#8221;horizontal&#8221; inner_shadow=&#8221;off&#8221; parallax=&#8221;off&#8221; parallax_method=&#8221;off&#8221; video_hide=&#8221;off&#8221; video_pause=&#8221;off&#8221; allow_advanced_padding=&#8221;off&#8221; remove_padding=&#8221;off&#8221; force_fullwidth=&#8221;off&#8221; column_paddings=&#8221;padding-0pct&#8221; column_match_heights=&#8221;off&#8221; background_leak=&#8221;off&#8221; background_leak_color=&#8221;#ffffff&#8221; background_leak_size=&#8221;50&#8243; separator_top=&#8221;off&#8221; separator_bottom=&#8221;off&#8221; background_image_size=&#8221;cover&#8221; background_image_repeat=&#8221;no-repeat&#8221; background_image_position_x=&#8221;center&#8221; background_image_position_y=&#8221;center&#8221; animation=&#8221;off&#8221; animation_color=&#8221;#ffffff&#8221; mobile_2_pr_row=&#8221;off&#8221; mobile_reverse=&#8221;off&#8221;][mhc_row admin_label=&#8221;row&#8221;][mhc_column type=&#8221;4_4&#8243;][mhc_text admin_label=&#8221;\u0646\u0635&#8221; background_layout=&#8221;light&#8221; text_orientation=&#8221;right&#8221; animation=&#8221;off&#8221;]<\/p>\n<p>elfatih \u0130ade \u015eartlar\u0131<\/p>\n<p>Teslim ald\u0131\u011f\u0131m \u00fcr\u00fcn\u00fc iade edebilir miyim? Cayma hakk\u0131 bulunuyor mu?<\/p>\n<p>Kargo elinize ula\u015ft\u0131\u011f\u0131 g\u00fcn \u00fcr\u00fcnlerde ezilme, bozulma gibi istenmeyen bir durum g\u00f6r\u00fcld\u00fc\u011f\u00fcnde ambalaj\u0131 tamamen a\u00e7\u0131lmadan \u00fcr\u00fcn foto\u011fraf\u0131n\u0131n \u00e7ekilerek problemin imadfatih00@gmail.com \u00fczerinden bize hem g\u00f6rsel hem de yaz\u0131l\u0131 olarak bildirmeniz gerekmektedir.<\/p>\n<p>Teslimat s\u0131ras\u0131nda kullan\u0131lamayacak duruma gelen \u00fcr\u00fcn miktar\u0131na denk gelen \u00fccret \u00f6demesi, telafi amac\u0131yla taraf\u0131m\u0131zca size g\u00f6nderilir. \u0130ade etmek istedi\u011finiz \u00fcr\u00fcnlerin \u00fccretinin geri \u00f6demesi \u00fcr\u00fcn bize ula\u015ft\u0131ktan sonraki 10 g\u00fcn i\u00e7erisinde iletilmektedir. Bundan sonraki s\u00fcreci bankan\u0131zdan takip edebilirsiniz.<\/p>\n<p>Temel kural olarak ald\u0131\u011f\u0131n\u0131z \u00fcr\u00fcn\u00fc teslimat tarihinden itibaren 7 i\u015f g\u00fcn\u00fc i\u00e7erisinde s\u00f6zle\u015fme ko\u015fullar\u0131 kapsam\u0131nda imadfatih00@gmail.com \u00fczerinden iade sebebinizi i\u00e7eren bir not eki ile iade edebilirsiniz.<\/p>\n<p>\u00d6nemli: \u0130ade etmek istedi\u011finiz \u00fcr\u00fcn\u00fcn faturas\u0131 kurumsal ise, geri iade ederken kurumun d\u00fczenlemi\u015f oldu\u011fu iade faturas\u0131 ile birlikte g\u00f6ndermeniz gerekmektedir. \u0130ade faturas\u0131, kargo pay\u0131 d\u00e2hil edilmeden ( \u00fcr\u00fcn birim fiyat\u0131 + KDV \u015feklinde ) kesilmelidir. Faturas\u0131 kurumlar ad\u0131na d\u00fczenlenen sipari\u015f iadeleri, \u0130ADE FATURASI kesilmedi\u011fi takdirde tamamlanamayacakt\u0131r.<\/p>\n<p>Genel \u0130ade \u015eartlar\u0131 A\u015fa\u011f\u0131daki Gibidir;<\/p>\n<p>\u0130adeler mutlak surette orijinal kutu veya ambalaj\u0131 ile birlikte yap\u0131lmal\u0131d\u0131r.<br \/>\nOrijinal kutusu\/ambalaj\u0131 bozulmu\u015f (\u00d6rnek: Orijinal kutu \u00fczerine kargo etiketi yap\u0131\u015ft\u0131r\u0131lm\u0131\u015f ve kargo koli band\u0131 ile bantlanm\u0131\u015f \u00fcr\u00fcnler kabul edilmez.) tekrar sat\u0131la bilirlik \u00f6zelli\u011fini kaybetmi\u015f, ba\u015fka bir m\u00fc\u015fteri taraf\u0131ndan sat\u0131n al\u0131namayacak durumda olan \u00fcr\u00fcnlerin iadesi kabul edilemez.<br \/>\n\u0130ade etmek istedi\u011finiz \u00fcr\u00fcn ile birlikte orijinal fatura (sizdeki b\u00fct\u00fcn kopyalar\u0131) g\u00f6ndermeniz gerekmektedir.<br \/>\n\u0130ade etmek istedi\u011finiz \u00fcr\u00fcn \/ \u00fcr\u00fcnler ay\u0131pl\u0131 ise \u00fcr\u00fcn\u00fc kargo g\u00f6revlisi yan\u0131nda kontrol ederek tutanak tutturman\u0131z ve teslim almaman\u0131z gerekmektedir. Kargo \u00fccreti firmam\u0131z taraf\u0131ndan kar\u015f\u0131lanmaktad\u0131r.<\/p>\n<p>[\/mhc_text][\/mhc_column][\/mhc_row][\/mhc_section]<\/p>\n","protected":false},"excerpt":{"rendered":"<p>[mhc_section admin_label=&#8221;\u0627\u0644\u0634\u0631\u0648\u0637 \u0648\u0627\u0644\u0623\u062d\u0643\u0627\u0645&#8221; transparent_background=&#8221;off&#8221; gradient_background=&#8221;off&#8221; background_color=&#8221;#ffffff&#8221; gradient_style=&#8221;horizontal&#8221; inner_shadow=&#8221;off&#8221; parallax=&#8221;off&#8221; parallax_method=&#8221;off&#8221; video_hide=&#8221;off&#8221; video_pause=&#8221;off&#8221; allow_advanced_padding=&#8221;off&#8221; remove_padding=&#8221;off&#8221; force_fullwidth=&#8221;off&#8221; column_paddings=&#8221;padding-0pct&#8221; column_match_heights=&#8221;off&#8221; background_leak=&#8221;off&#8221; background_leak_color=&#8221;#ffffff&#8221; background_leak_size=&#8221;50&#8243;<\/p>\n","protected":false},"author":1,"featured_media":0,"parent":0,"menu_order":0,"comment_status":"closed","ping_status":"closed","template":"","meta":{"footnotes":""},"class_list":["post-149","page","type-page","status-publish","hentry"],"_links":{"self":[{"href":"https:\/\/elfati7.com\/wp-json\/wp\/v2\/pages\/149","targetHints":{"allow":["GET"]}}],"collection":[{"href":"https:\/\/elfati7.com\/wp-json\/wp\/v2\/pages"}],"about":[{"href":"https:\/\/elfati7.com\/wp-json\/wp\/v2\/types\/page"}],"author":[{"embeddable":true,"href":"https:\/\/elfati7.com\/wp-json\/wp\/v2\/users\/1"}],"replies":[{"embeddable":true,"href":"https:\/\/elfati7.com\/wp-json\/wp\/v2\/comments?post=149"}],"version-history":[{"count":0,"href":"https:\/\/elfati7.com\/wp-json\/wp\/v2\/pages\/149\/revisions"}],"wp:attachment":[{"href":"https:\/\/elfati7.com\/wp-json\/wp\/v2\/media?parent=149"}],"curies":[{"name":"wp","href":"https:\/\/api.w.org\/{rel}","templated":true}]}}